{"id":3054,"date":"2024-02-04T12:18:38","date_gmt":"2024-02-04T11:18:38","guid":{"rendered":"https:\/\/starsandfriends.rs\/?page_id=3054"},"modified":"2025-08-18T11:04:17","modified_gmt":"2025-08-18T10:04:17","slug":"konstantin-ristovic","status":"publish","type":"page","link":"https:\/\/starsandfriends.rs\/en\/konstantin-ristovic\/","title":{"rendered":"Konstantin Ristovi\u0107"},"content":{"rendered":"<div data-elementor-type=\"wp-page\" data-elementor-id=\"3054\" class=\"elementor elementor-3054\">\n\t\t\t\t\t\t<section class=\"elementor-section elementor-top-section elementor-element elementor-element-3704a54 elementor-section-boxed elementor-section-height-default elementor-section-height-default\" data-id=\"3704a54\" data-element_type=\"section\">\n\t\t\t\t\t\t<div class=\"elementor-container elementor-column-gap-default\">\n\t\t\t\t\t<div class=\"elementor-column elementor-col-100 elementor-top-column elementor-element elementor-element-788c801\" data-id=\"788c801\" data-element_type=\"column\">\n\t\t\t<div class=\"elementor-widget-wrap elementor-element-populated\">\n\t\t\t\t\t\t<div class=\"elementor-element elementor-element-9ecea23 elementor-widget-divider--view-line elementor-widget elementor-widget-divider\" data-id=\"9ecea23\" data-element_type=\"widget\" data-widget_type=\"divider.default\">\n\t\t\t\t<div class=\"elementor-widget-container\">\n\t\t\t\t\t\t\t<div class=\"elementor-divider\">\n\t\t\t<span class=\"elementor-divider-separator\">\n\t\t\t\t\t\t<\/span>\n\t\t<\/div>\n\t\t\t\t\t\t<\/div>\n\t\t\t\t<\/div>\n\t\t\t\t\t<\/div>\n\t\t<\/div>\n\t\t\t\t\t<\/div>\n\t\t<\/section>\n\t\t\t\t<section class=\"elementor-section elementor-top-section elementor-element elementor-element-fdc065a elementor-section-boxed elementor-section-height-default elementor-section-height-default\" data-id=\"fdc065a\" data-element_type=\"section\">\n\t\t\t\t\t\t<div class=\"elementor-container elementor-column-gap-default\">\n\t\t\t\t\t<div class=\"elementor-column elementor-col-33 elementor-top-column elementor-element elementor-element-869dff5\" data-id=\"869dff5\" data-element_type=\"column\">\n\t\t\t<div class=\"elementor-widget-wrap elementor-element-populated\">\n\t\t\t\t\t\t<div class=\"elementor-element elementor-element-a07378a elementor-widget elementor-widget-image\" data-id=\"a07378a\" data-element_type=\"widget\" data-widget_type=\"image.default\">\n\t\t\t\t<div class=\"elementor-widget-container\">\n\t\t\t\t\t\t\t\t\t\t\t\t\t\t\t<img fetchpriority=\"high\" decoding=\"async\" width=\"611\" height=\"604\" src=\"https:\/\/starsandfriends.rs\/wp-content\/uploads\/2024\/02\/Konstantin-Ristovic.jpg\" class=\"attachment-full size-full wp-image-3056\" alt=\"\" srcset=\"https:\/\/starsandfriends.rs\/wp-content\/uploads\/2024\/02\/Konstantin-Ristovic.jpg 611w, https:\/\/starsandfriends.rs\/wp-content\/uploads\/2024\/02\/Konstantin-Ristovic-300x297.jpg 300w, https:\/\/starsandfriends.rs\/wp-content\/uploads\/2024\/02\/Konstantin-Ristovic-12x12.jpg 12w\" sizes=\"(max-width: 611px) 100vw, 611px\" \/>\t\t\t\t\t\t\t\t\t\t\t\t\t\t\t<\/div>\n\t\t\t\t<\/div>\n\t\t\t\t<div class=\"elementor-element elementor-element-69c0479 elementor-widget elementor-widget-heading\" data-id=\"69c0479\" data-element_type=\"widget\" data-widget_type=\"heading.default\">\n\t\t\t\t<div class=\"elementor-widget-container\">\n\t\t\t\t\t<h4 class=\"elementor-heading-title elementor-size-default\">Konstantin Ristovi\u0107<\/h4>\t\t\t\t<\/div>\n\t\t\t\t<\/div>\n\t\t\t\t\t<\/div>\n\t\t<\/div>\n\t\t\t\t<div class=\"elementor-column elementor-col-33 elementor-top-column elementor-element elementor-element-16861fe\" data-id=\"16861fe\" data-element_type=\"column\">\n\t\t\t<div class=\"elementor-widget-wrap elementor-element-populated\">\n\t\t\t\t\t\t<div class=\"elementor-element elementor-element-19e72fc elementor-widget elementor-widget-heading\" data-id=\"19e72fc\" data-element_type=\"widget\" data-widget_type=\"heading.default\">\n\t\t\t\t<div class=\"elementor-widget-container\">\n\t\t\t\t\t<p class=\"elementor-heading-title elementor-size-default\">LI\u010cNE INFORMACIJE<\/p>\t\t\t\t<\/div>\n\t\t\t\t<\/div>\n\t\t\t\t<div class=\"elementor-element elementor-element-fe6d74b elementor-widget elementor-widget-text-editor\" data-id=\"fe6d74b\" data-element_type=\"widget\" data-widget_type=\"text-editor.default\">\n\t\t\t\t<div class=\"elementor-widget-container\">\n\t\t\t\t\t\t\t\t\t<p><strong>Name:<\/strong> Konstantin \u00a0 <br \/><strong>Surname:<\/strong> Ristovi\u0107<br \/><strong>Date of Birth:<\/strong> 01.05.2005<br \/><strong>Place of birth:<\/strong> Novi Pazar, Srbija<br \/><strong>Nationality:<\/strong> Srpsko<br \/><strong>Height\/Weight:<\/strong> \/<\/p>\t\t\t\t\t\t\t\t<\/div>\n\t\t\t\t<\/div>\n\t\t\t\t<div class=\"elementor-element elementor-element-ee59432 elementor-widget elementor-widget-progress\" data-id=\"ee59432\" data-element_type=\"widget\" data-widget_type=\"progress.default\">\n\t\t\t\t<div class=\"elementor-widget-container\">\n\t\t\t\t\t\n\t\t<div class=\"elementor-progress-wrapper\" role=\"progressbar\" aria-valuemin=\"0\" aria-valuemax=\"100\" aria-valuenow=\"89\" aria-valuetext=\"89% (Pozicioniranje)\">\n\t\t\t<div class=\"elementor-progress-bar\" data-max=\"89\">\n\t\t\t\t<span class=\"elementor-progress-text\">Positioning<\/span>\n\t\t\t\t\t\t\t\t\t<span class=\"elementor-progress-percentage\">89%<\/span>\n\t\t\t\t\t\t\t<\/div>\n\t\t<\/div>\n\t\t\t\t\t\t<\/div>\n\t\t\t\t<\/div>\n\t\t\t\t<div class=\"elementor-element elementor-element-893bed8 elementor-widget elementor-widget-progress\" data-id=\"893bed8\" data-element_type=\"widget\" data-widget_type=\"progress.default\">\n\t\t\t\t<div class=\"elementor-widget-container\">\n\t\t\t\t\t\n\t\t<div class=\"elementor-progress-wrapper\" role=\"progressbar\" aria-valuemin=\"0\" aria-valuemax=\"100\" aria-valuenow=\"94\" aria-valuetext=\"94% (Start)\">\n\t\t\t<div class=\"elementor-progress-bar\" data-max=\"94\">\n\t\t\t\t<span class=\"elementor-progress-text\">Start<\/span>\n\t\t\t\t\t\t\t\t\t<span class=\"elementor-progress-percentage\">94%<\/span>\n\t\t\t\t\t\t\t<\/div>\n\t\t<\/div>\n\t\t\t\t\t\t<\/div>\n\t\t\t\t<\/div>\n\t\t\t\t<div class=\"elementor-element elementor-element-ac66206 elementor-widget elementor-widget-progress\" data-id=\"ac66206\" data-element_type=\"widget\" data-widget_type=\"progress.default\">\n\t\t\t\t<div class=\"elementor-widget-container\">\n\t\t\t\t\t\n\t\t<div class=\"elementor-progress-wrapper\" role=\"progressbar\" aria-valuemin=\"0\" aria-valuemax=\"100\" aria-valuenow=\"96\" aria-valuetext=\"96% (Markiranje )\">\n\t\t\t<div class=\"elementor-progress-bar\" data-max=\"96\">\n\t\t\t\t<span class=\"elementor-progress-text\">Markiranje <\/span>\n\t\t\t\t\t\t\t\t\t<span class=\"elementor-progress-percentage\">96%<\/span>\n\t\t\t\t\t\t\t<\/div>\n\t\t<\/div>\n\t\t\t\t\t\t<\/div>\n\t\t\t\t<\/div>\n\t\t\t\t<div class=\"elementor-element elementor-element-dbd82d5 elementor-widget elementor-widget-progress\" data-id=\"dbd82d5\" data-element_type=\"widget\" data-widget_type=\"progress.default\">\n\t\t\t\t<div class=\"elementor-widget-container\">\n\t\t\t\t\t\n\t\t<div class=\"elementor-progress-wrapper\" role=\"progressbar\" aria-valuemin=\"0\" aria-valuemax=\"100\" aria-valuenow=\"100\" aria-valuetext=\"100% (Agresivnost)\">\n\t\t\t<div class=\"elementor-progress-bar\" data-max=\"100\">\n\t\t\t\t<span class=\"elementor-progress-text\">Agresivnost<\/span>\n\t\t\t\t\t\t\t\t\t<span class=\"elementor-progress-percentage\">100%<\/span>\n\t\t\t\t\t\t\t<\/div>\n\t\t<\/div>\n\t\t\t\t\t\t<\/div>\n\t\t\t\t<\/div>\n\t\t\t\t\t<\/div>\n\t\t<\/div>\n\t\t\t\t<div class=\"elementor-column elementor-col-33 elementor-top-column elementor-element elementor-element-389316b\" data-id=\"389316b\" data-element_type=\"column\">\n\t\t\t<div class=\"elementor-widget-wrap elementor-element-populated\">\n\t\t\t\t\t\t<div class=\"elementor-element elementor-element-ad68172 elementor-widget elementor-widget-heading\" data-id=\"ad68172\" data-element_type=\"widget\" data-widget_type=\"heading.default\">\n\t\t\t\t<div class=\"elementor-widget-container\">\n\t\t\t\t\t<p class=\"elementor-heading-title elementor-size-default\">KARAKTERISTIKE IGRA\u010cA<\/p>\t\t\t\t<\/div>\n\t\t\t\t<\/div>\n\t\t\t\t<div class=\"elementor-element elementor-element-923c682 elementor-widget elementor-widget-text-editor\" data-id=\"923c682\" data-element_type=\"widget\" data-widget_type=\"text-editor.default\">\n\t\t\t\t<div class=\"elementor-widget-container\">\n\t\t\t\t\t\t\t\t\t<p><strong>Club:<\/strong> FK Sloboda Mrkonji\u0107 Grad<br \/><strong>Position:<\/strong> Napada\u010d<br \/><strong>Stronger leg:<\/strong> Right<br \/><strong>Language:<\/strong> Srpski, Engleski<br \/><strong>National team:<\/strong> \/<br \/><strong>Matches\/Goals:<\/strong> \/<\/p>\t\t\t\t\t\t\t\t<\/div>\n\t\t\t\t<\/div>\n\t\t\t\t<div class=\"elementor-element elementor-element-6c2b304 elementor-widget elementor-widget-progress\" data-id=\"6c2b304\" data-element_type=\"widget\" data-widget_type=\"progress.default\">\n\t\t\t\t<div class=\"elementor-widget-container\">\n\t\t\t\t\t\n\t\t<div class=\"elementor-progress-wrapper\" role=\"progressbar\" aria-valuemin=\"0\" aria-valuemax=\"100\" aria-valuenow=\"87\" aria-valuetext=\"87% (\u0160ut)\">\n\t\t\t<div class=\"elementor-progress-bar\" data-max=\"87\">\n\t\t\t\t<span class=\"elementor-progress-text\">\u0160ut<\/span>\n\t\t\t\t\t\t\t\t\t<span class=\"elementor-progress-percentage\">87%<\/span>\n\t\t\t\t\t\t\t<\/div>\n\t\t<\/div>\n\t\t\t\t\t\t<\/div>\n\t\t\t\t<\/div>\n\t\t\t\t<div class=\"elementor-element elementor-element-afd9fc3 elementor-widget elementor-widget-progress\" data-id=\"afd9fc3\" data-element_type=\"widget\" data-widget_type=\"progress.default\">\n\t\t\t\t<div class=\"elementor-widget-container\">\n\t\t\t\t\t\n\t\t<div class=\"elementor-progress-wrapper\" role=\"progressbar\" aria-valuemin=\"0\" aria-valuemax=\"100\" aria-valuenow=\"89\" aria-valuetext=\"89% (Pas)\">\n\t\t\t<div class=\"elementor-progress-bar\" data-max=\"89\">\n\t\t\t\t<span class=\"elementor-progress-text\">Pas<\/span>\n\t\t\t\t\t\t\t\t\t<span class=\"elementor-progress-percentage\">89%<\/span>\n\t\t\t\t\t\t\t<\/div>\n\t\t<\/div>\n\t\t\t\t\t\t<\/div>\n\t\t\t\t<\/div>\n\t\t\t\t<div class=\"elementor-element elementor-element-2272534 elementor-widget elementor-widget-progress\" data-id=\"2272534\" data-element_type=\"widget\" data-widget_type=\"progress.default\">\n\t\t\t\t<div class=\"elementor-widget-container\">\n\t\t\t\t\t\n\t\t<div class=\"elementor-progress-wrapper\" role=\"progressbar\" aria-valuemin=\"0\" aria-valuemax=\"100\" aria-valuenow=\"88\" aria-valuetext=\"88% (Skok)\">\n\t\t\t<div class=\"elementor-progress-bar\" data-max=\"88\">\n\t\t\t\t<span class=\"elementor-progress-text\">Jump<\/span>\n\t\t\t\t\t\t\t\t\t<span class=\"elementor-progress-percentage\">88%<\/span>\n\t\t\t\t\t\t\t<\/div>\n\t\t<\/div>\n\t\t\t\t\t\t<\/div>\n\t\t\t\t<\/div>\n\t\t\t\t<div class=\"elementor-element elementor-element-59eadb2 elementor-widget elementor-widget-progress\" data-id=\"59eadb2\" data-element_type=\"widget\" data-widget_type=\"progress.default\">\n\t\t\t\t<div class=\"elementor-widget-container\">\n\t\t\t\t\t\n\t\t<div class=\"elementor-progress-wrapper\" role=\"progressbar\" aria-valuemin=\"0\" aria-valuemax=\"100\" aria-valuenow=\"96\" aria-valuetext=\"96% (Timski rad)\">\n\t\t\t<div class=\"elementor-progress-bar\" data-max=\"96\">\n\t\t\t\t<span class=\"elementor-progress-text\">Timski rad<\/span>\n\t\t\t\t\t\t\t\t\t<span class=\"elementor-progress-percentage\">96%<\/span>\n\t\t\t\t\t\t\t<\/div>\n\t\t<\/div>\n\t\t\t\t\t\t<\/div>\n\t\t\t\t<\/div>\n\t\t\t\t\t<\/div>\n\t\t<\/div>\n\t\t\t\t\t<\/div>\n\t\t<\/section>\n\t\t\t\t<section class=\"elementor-section elementor-top-section elementor-element elementor-element-ce27dfc elementor-section-boxed elementor-section-height-default elementor-section-height-default\" data-id=\"ce27dfc\" data-element_type=\"section\">\n\t\t\t\t\t\t<div class=\"elementor-container elementor-column-gap-default\">\n\t\t\t\t\t<div class=\"elementor-column elementor-col-100 elementor-top-column elementor-element elementor-element-e098d72\" data-id=\"e098d72\" data-element_type=\"column\">\n\t\t\t<div class=\"elementor-widget-wrap elementor-element-populated\">\n\t\t\t\t\t\t<div class=\"elementor-element elementor-element-f315956 elementor-widget elementor-widget-html\" data-id=\"f315956\" data-element_type=\"widget\" data-widget_type=\"html.default\">\n\t\t\t\t<div class=\"elementor-widget-container\">\n\t\t\t\t\t<iframe src=\"\/wp\/rezultati.php?igrac=\" height=\"500px;\"> <\/iframe>\t\t\t\t<\/div>\n\t\t\t\t<\/div>\n\t\t\t\t<div class=\"elementor-element elementor-element-391d728 elementor-widget elementor-widget-text-editor\" data-id=\"391d728\" data-element_type=\"widget\" data-widget_type=\"text-editor.default\">\n\t\t\t\t<div class=\"elementor-widget-container\">\n\t\t\t\t\t\t\t\t\t<p>Source: <a href=\"https:\/\/www.rezultati.com\/\" target=\"_blank\" rel=\"noopener\">www.rezultati.com<\/a><\/p>\t\t\t\t\t\t\t\t<\/div>\n\t\t\t\t<\/div>\n\t\t\t\t\t<\/div>\n\t\t<\/div>\n\t\t\t\t\t<\/div>\n\t\t<\/section>\n\t\t\t\t<section class=\"elementor-section elementor-top-section elementor-element elementor-element-f7adbad elementor-section-boxed elementor-section-height-default elementor-section-height-default\" data-id=\"f7adbad\" data-element_type=\"section\">\n\t\t\t\t\t\t<div class=\"elementor-container elementor-column-gap-default\">\n\t\t\t\t\t<div class=\"elementor-column elementor-col-50 elementor-top-column elementor-element elementor-element-6ce0b53\" data-id=\"6ce0b53\" data-element_type=\"column\">\n\t\t\t<div class=\"elementor-widget-wrap elementor-element-populated\">\n\t\t\t\t\t\t<div class=\"elementor-element elementor-element-e862d0e elementor-widget elementor-widget-image\" data-id=\"e862d0e\" data-element_type=\"widget\" data-widget_type=\"image.default\">\n\t\t\t\t<div class=\"elementor-widget-container\">\n\t\t\t\t\t\t\t\t\t\t\t\t\t\t\t<img decoding=\"async\" width=\"640\" height=\"401\" src=\"https:\/\/starsandfriends.rs\/wp-content\/uploads\/2019\/10\/CF-pozicija.png\" class=\"attachment-large size-large wp-image-945\" alt=\"\" srcset=\"https:\/\/starsandfriends.rs\/wp-content\/uploads\/2019\/10\/CF-pozicija.png 798w, https:\/\/starsandfriends.rs\/wp-content\/uploads\/2019\/10\/CF-pozicija-300x188.png 300w, https:\/\/starsandfriends.rs\/wp-content\/uploads\/2019\/10\/CF-pozicija-768x481.png 768w, https:\/\/starsandfriends.rs\/wp-content\/uploads\/2019\/10\/CF-pozicija-45x28.png 45w, https:\/\/starsandfriends.rs\/wp-content\/uploads\/2019\/10\/CF-pozicija-370x232.png 370w\" sizes=\"(max-width: 640px) 100vw, 640px\" \/>\t\t\t\t\t\t\t\t\t\t\t\t\t\t\t<\/div>\n\t\t\t\t<\/div>\n\t\t\t\t\t<\/div>\n\t\t<\/div>\n\t\t\t\t<div class=\"elementor-column elementor-col-50 elementor-top-column elementor-element elementor-element-1a661b4\" data-id=\"1a661b4\" data-element_type=\"column\">\n\t\t\t<div class=\"elementor-widget-wrap elementor-element-populated\">\n\t\t\t\t\t\t<div class=\"elementor-element elementor-element-27a06fa gallery-spacing-custom elementor-widget elementor-widget-image-gallery\" data-id=\"27a06fa\" data-element_type=\"widget\" data-widget_type=\"image-gallery.default\">\n\t\t\t\t<div class=\"elementor-widget-container\">\n\t\t\t\t\t\t\t<div class=\"elementor-image-gallery\">\n\t\t\t<div id='gallery-1' class='gallery galleryid-3054 gallery-columns-4 gallery-size-thumbnail'><figure class='gallery-item'>\n\t\t\t<div class='gallery-icon landscape'>\n\t\t\t\t<a data-elementor-open-lightbox=\"yes\" data-elementor-lightbox-slideshow=\"27a06fa\" data-elementor-lightbox-title=\"Konstantin Ristovi\u0107\" data-e-action-hash=\"#elementor-action%3Aaction%3Dlightbox%26settings%3DeyJpZCI6MzA1NiwidXJsIjoiaHR0cHM6XC9cL3N0YXJzYW5kZnJpZW5kcy5yc1wvd3AtY29udGVudFwvdXBsb2Fkc1wvMjAyNFwvMDJcL0tvbnN0YW50aW4tUmlzdG92aWMuanBnIiwic2xpZGVzaG93IjoiMjdhMDZmYSJ9\" href='https:\/\/starsandfriends.rs\/wp-content\/uploads\/2024\/02\/Konstantin-Ristovic.jpg'><img decoding=\"async\" width=\"150\" height=\"150\" src=\"https:\/\/starsandfriends.rs\/wp-content\/uploads\/2024\/02\/Konstantin-Ristovic-150x150.jpg\" class=\"attachment-thumbnail size-thumbnail\" alt=\"\" srcset=\"https:\/\/starsandfriends.rs\/wp-content\/uploads\/2024\/02\/Konstantin-Ristovic-150x150.jpg 150w, https:\/\/starsandfriends.rs\/wp-content\/uploads\/2024\/02\/Konstantin-Ristovic-300x300.jpg 300w, https:\/\/starsandfriends.rs\/wp-content\/uploads\/2024\/02\/Konstantin-Ristovic-12x12.jpg 12w\" sizes=\"(max-width: 150px) 100vw, 150px\" \/><\/a>\n\t\t\t<\/div><\/figure>\n\t\t<\/div>\n\t\t<\/div>\n\t\t\t\t\t\t<\/div>\n\t\t\t\t<\/div>\n\t\t\t\t\t<\/div>\n\t\t<\/div>\n\t\t\t\t\t<\/div>\n\t\t<\/section>\n\t\t\t\t<\/div>","protected":false},"excerpt":{"rendered":"<p>Konstantin Ristovi\u0107 LI\u010cNE INFORMACIJE Ime: Konstantin \u00a0 Prezime: Ristovi\u0107Datum ro\u0111enja: 01.05.2005Mesto ro\u0111enja: Novi Pazar, SrbijaNacionalnost: SrpskoVisina\/Te\u017eina: \/ Pozicioniranje 89% Start 94% Markiranje 96% Agresivnost 100% KARAKTERISTIKE IGRA\u010cA Klub: FK Sloboda Mrkonji\u0107 GradPozicija: Napada\u010dJa\u010da noga: DesnaJezik: Srpski, EngleskiNacionalni tim: \/Utakmice\/Golovi: \/ \u0160ut 87% Pas 89% Skok 88% Timski rad 96% Izvor: www.rezultati.com<\/p>","protected":false},"author":2,"featured_media":0,"parent":0,"menu_order":0,"comment_status":"closed","ping_status":"closed","template":"elementor_header_footer","meta":{"footnotes":""},"class_list":["post-3054","page","type-page","status-publish","hentry"],"yoast_head":"<!-- This site is optimized with the Yoast SEO plugin v26.8 - https:\/\/yoast.com\/product\/yoast-seo-wordpress\/ -->\n<title>Konstantin Ristovi\u0107 - Stars&amp;Friends<\/title>\n<meta name=\"robots\" content=\"index, follow, max-snippet:-1, max-image-preview:large, max-video-preview:-1\" \/>\n<link rel=\"canonical\" href=\"https:\/\/starsandfriends.rs\/en\/konstantin-ristovic\/\" \/>\n<meta property=\"og:locale\" content=\"en_GB\" \/>\n<meta property=\"og:type\" content=\"article\" \/>\n<meta property=\"og:title\" content=\"Konstantin Ristovi\u0107 - Stars&amp;Friends\" \/>\n<meta property=\"og:description\" content=\"Konstantin Ristovi\u0107 LI\u010cNE INFORMACIJE Ime: Konstantin \u00a0 Prezime: Ristovi\u0107Datum ro\u0111enja: 01.05.2005Mesto ro\u0111enja: Novi Pazar, SrbijaNacionalnost: SrpskoVisina\/Te\u017eina: \/ Pozicioniranje 89% Start 94% Markiranje 96% Agresivnost 100% KARAKTERISTIKE IGRA\u010cA Klub: FK Sloboda Mrkonji\u0107 GradPozicija: Napada\u010dJa\u010da noga: DesnaJezik: Srpski, EngleskiNacionalni tim: \/Utakmice\/Golovi: \/ \u0160ut 87% Pas 89% Skok 88% Timski rad 96% Izvor: www.rezultati.com\" \/>\n<meta property=\"og:url\" content=\"https:\/\/starsandfriends.rs\/en\/konstantin-ristovic\/\" \/>\n<meta property=\"og:site_name\" content=\"Stars&amp;Friends\" \/>\n<meta property=\"article:modified_time\" content=\"2025-08-18T10:04:17+00:00\" \/>\n<meta property=\"og:image\" content=\"https:\/\/starsandfriends.rs\/wp-content\/uploads\/2024\/02\/Konstantin-Ristovic.jpg\" \/>\n\t<meta property=\"og:image:width\" content=\"611\" \/>\n\t<meta property=\"og:image:height\" content=\"604\" \/>\n\t<meta property=\"og:image:type\" content=\"image\/jpeg\" \/>\n<meta name=\"twitter:card\" content=\"summary_large_image\" \/>\n<meta name=\"twitter:label1\" content=\"Estimated reading time\" \/>\n\t<meta name=\"twitter:data1\" content=\"1 minute\" \/>\n<script type=\"application\/ld+json\" class=\"yoast-schema-graph\">{\"@context\":\"https:\/\/schema.org\",\"@graph\":[{\"@type\":\"WebPage\",\"@id\":\"https:\/\/starsandfriends.rs\/konstantin-ristovic\/\",\"url\":\"https:\/\/starsandfriends.rs\/konstantin-ristovic\/\",\"name\":\"Konstantin Ristovi\u0107 - Stars&amp;Friends\",\"isPartOf\":{\"@id\":\"https:\/\/starsandfriends.rs\/#website\"},\"primaryImageOfPage\":{\"@id\":\"https:\/\/starsandfriends.rs\/konstantin-ristovic\/#primaryimage\"},\"image\":{\"@id\":\"https:\/\/starsandfriends.rs\/konstantin-ristovic\/#primaryimage\"},\"thumbnailUrl\":\"https:\/\/starsandfriends.rs\/wp-content\/uploads\/2024\/02\/Konstantin-Ristovic.jpg\",\"datePublished\":\"2024-02-04T11:18:38+00:00\",\"dateModified\":\"2025-08-18T10:04:17+00:00\",\"breadcrumb\":{\"@id\":\"https:\/\/starsandfriends.rs\/konstantin-ristovic\/#breadcrumb\"},\"inLanguage\":\"en-GB\",\"potentialAction\":[{\"@type\":\"ReadAction\",\"target\":[\"https:\/\/starsandfriends.rs\/konstantin-ristovic\/\"]}]},{\"@type\":\"ImageObject\",\"inLanguage\":\"en-GB\",\"@id\":\"https:\/\/starsandfriends.rs\/konstantin-ristovic\/#primaryimage\",\"url\":\"https:\/\/starsandfriends.rs\/wp-content\/uploads\/2024\/02\/Konstantin-Ristovic.jpg\",\"contentUrl\":\"https:\/\/starsandfriends.rs\/wp-content\/uploads\/2024\/02\/Konstantin-Ristovic.jpg\"},{\"@type\":\"BreadcrumbList\",\"@id\":\"https:\/\/starsandfriends.rs\/konstantin-ristovic\/#breadcrumb\",\"itemListElement\":[{\"@type\":\"ListItem\",\"position\":1,\"name\":\"\u041f\u043e\u0447\u0435\u0442\u043d\u0430\",\"item\":\"https:\/\/starsandfriends.rs\/\"},{\"@type\":\"ListItem\",\"position\":2,\"name\":\"Konstantin Ristovi\u0107\"}]},{\"@type\":\"WebSite\",\"@id\":\"https:\/\/starsandfriends.rs\/#website\",\"url\":\"https:\/\/starsandfriends.rs\/\",\"name\":\"Stars & Friends\",\"description\":\"Srbija\",\"publisher\":{\"@id\":\"https:\/\/starsandfriends.rs\/#organization\"},\"potentialAction\":[{\"@type\":\"SearchAction\",\"target\":{\"@type\":\"EntryPoint\",\"urlTemplate\":\"https:\/\/starsandfriends.rs\/?s={search_term_string}\"},\"query-input\":{\"@type\":\"PropertyValueSpecification\",\"valueRequired\":true,\"valueName\":\"search_term_string\"}}],\"inLanguage\":\"en-GB\"},{\"@type\":\"Organization\",\"@id\":\"https:\/\/starsandfriends.rs\/#organization\",\"name\":\"Stars & Friends Srbija\",\"url\":\"https:\/\/starsandfriends.rs\/\",\"logo\":{\"@type\":\"ImageObject\",\"inLanguage\":\"en-GB\",\"@id\":\"https:\/\/starsandfriends.rs\/#\/schema\/logo\/image\/\",\"url\":\"https:\/\/starsandfriends.rs\/wp-content\/uploads\/2019\/06\/9sredjeno.jpg\",\"contentUrl\":\"https:\/\/starsandfriends.rs\/wp-content\/uploads\/2019\/06\/9sredjeno.jpg\",\"width\":2048,\"height\":1420,\"caption\":\"Stars & Friends Srbija\"},\"image\":{\"@id\":\"https:\/\/starsandfriends.rs\/#\/schema\/logo\/image\/\"},\"sameAs\":[\"https:\/\/www.instagram.com\/starsandfriends_serbia\/\",\"https:\/\/www.youtube.com\/channel\/UC85U4RNa6S-hIIXQSYDbPlA\/featured\"]}]}<\/script>\n<!-- \/ Yoast SEO plugin. -->","yoast_head_json":{"title":"Konstantin Ristovi\u0107 - Stars&amp;Friends","robots":{"index":"index","follow":"follow","max-snippet":"max-snippet:-1","max-image-preview":"max-image-preview:large","max-video-preview":"max-video-preview:-1"},"canonical":"https:\/\/starsandfriends.rs\/en\/konstantin-ristovic\/","og_locale":"en_GB","og_type":"article","og_title":"Konstantin Ristovi\u0107 - Stars&amp;Friends","og_description":"Konstantin Ristovi\u0107 LI\u010cNE INFORMACIJE Ime: Konstantin \u00a0 Prezime: Ristovi\u0107Datum ro\u0111enja: 01.05.2005Mesto ro\u0111enja: Novi Pazar, SrbijaNacionalnost: SrpskoVisina\/Te\u017eina: \/ Pozicioniranje 89% Start 94% Markiranje 96% Agresivnost 100% KARAKTERISTIKE IGRA\u010cA Klub: FK Sloboda Mrkonji\u0107 GradPozicija: Napada\u010dJa\u010da noga: DesnaJezik: Srpski, EngleskiNacionalni tim: \/Utakmice\/Golovi: \/ \u0160ut 87% Pas 89% Skok 88% Timski rad 96% Izvor: www.rezultati.com","og_url":"https:\/\/starsandfriends.rs\/en\/konstantin-ristovic\/","og_site_name":"Stars&amp;Friends","article_modified_time":"2025-08-18T10:04:17+00:00","og_image":[{"width":611,"height":604,"url":"https:\/\/starsandfriends.rs\/wp-content\/uploads\/2024\/02\/Konstantin-Ristovic.jpg","type":"image\/jpeg"}],"twitter_card":"summary_large_image","twitter_misc":{"Estimated reading time":"1 minute"},"schema":{"@context":"https:\/\/schema.org","@graph":[{"@type":"WebPage","@id":"https:\/\/starsandfriends.rs\/konstantin-ristovic\/","url":"https:\/\/starsandfriends.rs\/konstantin-ristovic\/","name":"Konstantin Ristovi\u0107 - Stars&amp;Friends","isPartOf":{"@id":"https:\/\/starsandfriends.rs\/#website"},"primaryImageOfPage":{"@id":"https:\/\/starsandfriends.rs\/konstantin-ristovic\/#primaryimage"},"image":{"@id":"https:\/\/starsandfriends.rs\/konstantin-ristovic\/#primaryimage"},"thumbnailUrl":"https:\/\/starsandfriends.rs\/wp-content\/uploads\/2024\/02\/Konstantin-Ristovic.jpg","datePublished":"2024-02-04T11:18:38+00:00","dateModified":"2025-08-18T10:04:17+00:00","breadcrumb":{"@id":"https:\/\/starsandfriends.rs\/konstantin-ristovic\/#breadcrumb"},"inLanguage":"en-GB","potentialAction":[{"@type":"ReadAction","target":["https:\/\/starsandfriends.rs\/konstantin-ristovic\/"]}]},{"@type":"ImageObject","inLanguage":"en-GB","@id":"https:\/\/starsandfriends.rs\/konstantin-ristovic\/#primaryimage","url":"https:\/\/starsandfriends.rs\/wp-content\/uploads\/2024\/02\/Konstantin-Ristovic.jpg","contentUrl":"https:\/\/starsandfriends.rs\/wp-content\/uploads\/2024\/02\/Konstantin-Ristovic.jpg"},{"@type":"BreadcrumbList","@id":"https:\/\/starsandfriends.rs\/konstantin-ristovic\/#breadcrumb","itemListElement":[{"@type":"ListItem","position":1,"name":"\u041f\u043e\u0447\u0435\u0442\u043d\u0430","item":"https:\/\/starsandfriends.rs\/"},{"@type":"ListItem","position":2,"name":"Konstantin Ristovi\u0107"}]},{"@type":"WebSite","@id":"https:\/\/starsandfriends.rs\/#website","url":"https:\/\/starsandfriends.rs\/","name":"Stars & Friends","description":"Serbia","publisher":{"@id":"https:\/\/starsandfriends.rs\/#organization"},"potentialAction":[{"@type":"SearchAction","target":{"@type":"EntryPoint","urlTemplate":"https:\/\/starsandfriends.rs\/?s={search_term_string}"},"query-input":{"@type":"PropertyValueSpecification","valueRequired":true,"valueName":"search_term_string"}}],"inLanguage":"en-GB"},{"@type":"Organization","@id":"https:\/\/starsandfriends.rs\/#organization","name":"Stars & Friends Srbija","url":"https:\/\/starsandfriends.rs\/","logo":{"@type":"ImageObject","inLanguage":"en-GB","@id":"https:\/\/starsandfriends.rs\/#\/schema\/logo\/image\/","url":"https:\/\/starsandfriends.rs\/wp-content\/uploads\/2019\/06\/9sredjeno.jpg","contentUrl":"https:\/\/starsandfriends.rs\/wp-content\/uploads\/2019\/06\/9sredjeno.jpg","width":2048,"height":1420,"caption":"Stars & Friends Srbija"},"image":{"@id":"https:\/\/starsandfriends.rs\/#\/schema\/logo\/image\/"},"sameAs":["https:\/\/www.instagram.com\/starsandfriends_serbia\/","https:\/\/www.youtube.com\/channel\/UC85U4RNa6S-hIIXQSYDbPlA\/featured"]}]}},"_links":{"self":[{"href":"https:\/\/starsandfriends.rs\/en\/wp-json\/wp\/v2\/pages\/3054","targetHints":{"allow":["GET"]}}],"collection":[{"href":"https:\/\/starsandfriends.rs\/en\/wp-json\/wp\/v2\/pages"}],"about":[{"href":"https:\/\/starsandfriends.rs\/en\/wp-json\/wp\/v2\/types\/page"}],"author":[{"embeddable":true,"href":"https:\/\/starsandfriends.rs\/en\/wp-json\/wp\/v2\/users\/2"}],"replies":[{"embeddable":true,"href":"https:\/\/starsandfriends.rs\/en\/wp-json\/wp\/v2\/comments?post=3054"}],"version-history":[{"count":13,"href":"https:\/\/starsandfriends.rs\/en\/wp-json\/wp\/v2\/pages\/3054\/revisions"}],"predecessor-version":[{"id":3425,"href":"https:\/\/starsandfriends.rs\/en\/wp-json\/wp\/v2\/pages\/3054\/revisions\/3425"}],"wp:attachment":[{"href":"https:\/\/starsandfriends.rs\/en\/wp-json\/wp\/v2\/media?parent=3054"}],"curies":[{"name":"wp","href":"https:\/\/api.w.org\/{rel}","templated":true}]}}